{"id":855,"date":"2026-03-24T15:31:23","date_gmt":"2026-03-24T14:31:23","guid":{"rendered":"https:\/\/foreverhorse.dk\/beispielseite\/"},"modified":"2026-03-27T14:42:40","modified_gmt":"2026-03-27T13:42:40","slug":"beispielseite","status":"publish","type":"page","link":"https:\/\/foreverhorse.dk\/de\/beispielseite\/","title":{"rendered":"Beispielseite"},"content":{"rendered":"\n<p>Dies ist eine Beispielseite. Sie unterscheidet sich von einem Blogbeitrag, weil sie an einem Ort bleibt und (in den meisten Themes) in der Navigation deiner Website angezeigt wird. Die meisten beginnen mit einer \u201e\u00dcber uns\u201c-Seite, die sich potenziellen Besuchern der Website vorstellt. Dort k\u00f6nnte zum Beispiel so etwas stehen:<\/p>\n\n<blockquote class=\"wp-block-quote is-layout-flow wp-block-quote-is-layout-flow\">\n\n<p>Hallo! Ich bin tags\u00fcber Fahrradkurier, nachts angehender Schauspieler, und das ist meine Website. Ich lebe in Los Angeles, habe einen tollen Hund namens Jack und ich mag Pi\u00f1a Coladas. (Und im Regen erwischt zu werden.)<\/p>\n\n<\/blockquote>\n\n<p>&#8230;oder so etwas:<\/p>\n\n<blockquote class=\"wp-block-quote is-layout-flow wp-block-quote-is-layout-flow\">\n\n<p>Die XYZ-Dingsbums-Firma wurde 1971 gegr\u00fcndet und versorgt die \u00d6ffentlichkeit seitdem mit hochwertigen Dingsbums. Mit Sitz in Gotham City besch\u00e4ftigt XYZ \u00fcber 2.000 Mitarbeitende und tut allerlei gro\u00dfartige Dinge f\u00fcr die Gemeinschaft in Gotham.<\/p>\n\n<\/blockquote>\n\n<p>Als neuer WordPress-Nutzer solltest du in <a href=\"https:\/\/foreverhorse.dk\/wp-admin\/\">deinem Dashboard<\/a> diese Seite l\u00f6schen und neue Seiten f\u00fcr deine Inhalte erstellen. Viel Spa\u00df!<\/p>\n","protected":false},"excerpt":{"rendered":"<p>Dies ist eine Beispielseite. Sie unterscheidet sich von einem Blogbeitrag, weil sie an einem Ort bleibt und (in den meisten Themes) in der Navigation deiner Website angezeigt wird. Die meisten beginnen mit einer \u201e\u00dcber uns\u201c-Seite, die sich potenziellen Besuchern der Website vorstellt. Dort k\u00f6nnte zum Beispiel so etwas stehen: Hallo! Ich bin tags\u00fcber Fahrradkurier, nachts [&hellip;]<\/p>\n","protected":false},"author":1,"featured_media":0,"parent":0,"menu_order":0,"comment_status":"closed","ping_status":"open","template":"","meta":{"inline_featured_image":false,"footnotes":""},"class_list":["post-855","page","type-page","status-publish","hentry"],"_links":{"self":[{"href":"https:\/\/foreverhorse.dk\/de\/wp-json\/wp\/v2\/pages\/855","targetHints":{"allow":["GET"]}}],"collection":[{"href":"https:\/\/foreverhorse.dk\/de\/wp-json\/wp\/v2\/pages"}],"about":[{"href":"https:\/\/foreverhorse.dk\/de\/wp-json\/wp\/v2\/types\/page"}],"author":[{"embeddable":true,"href":"https:\/\/foreverhorse.dk\/de\/wp-json\/wp\/v2\/users\/1"}],"replies":[{"embeddable":true,"href":"https:\/\/foreverhorse.dk\/de\/wp-json\/wp\/v2\/comments?post=855"}],"version-history":[{"count":3,"href":"https:\/\/foreverhorse.dk\/de\/wp-json\/wp\/v2\/pages\/855\/revisions"}],"predecessor-version":[{"id":859,"href":"https:\/\/foreverhorse.dk\/de\/wp-json\/wp\/v2\/pages\/855\/revisions\/859"}],"wp:attachment":[{"href":"https:\/\/foreverhorse.dk\/de\/wp-json\/wp\/v2\/media?parent=855"}],"curies":[{"name":"wp","href":"https:\/\/api.w.org\/{rel}","templated":true}]}}