{"id":846,"date":"2026-03-24T15:31:23","date_gmt":"2026-03-24T14:31:23","guid":{"rendered":"https:\/\/foreverhorse.dk\/page-dexemple\/"},"modified":"2026-03-27T14:42:27","modified_gmt":"2026-03-27T13:42:27","slug":"page-dexemple","status":"publish","type":"page","link":"https:\/\/foreverhorse.dk\/fr\/page-dexemple\/","title":{"rendered":"Page d\u2019exemple"},"content":{"rendered":"\n<p>Ceci est une page d\u2019exemple. Elle est diff\u00e9rente d\u2019un article de blog, car elle restera au m\u00eame endroit et appara\u00eetra dans la navigation de votre site (dans la plupart des th\u00e8mes). La plupart des personnes commencent par une page \u00ab \u00c0 propos \u00bb qui se pr\u00e9sente aux visiteurs potentiels du site. Elle pourrait dire quelque chose comme ceci :<\/p>\n\n<blockquote class=\"wp-block-quote is-layout-flow wp-block-quote-is-layout-flow\">\n\n<p>Bonjour ! Je suis coursier \u00e0 v\u00e9lo le jour, acteur en devenir la nuit, et voici mon site web. J\u2019habite \u00e0 Los Angeles, j\u2019ai un super chien qui s\u2019appelle Jack, et j\u2019aime les pi\u00f1a coladas. (Et me faire surprendre par la pluie.)<\/p>\n\n<\/blockquote>\n\n<p>\u2026ou quelque chose comme ceci :<\/p>\n\n<blockquote class=\"wp-block-quote is-layout-flow wp-block-quote-is-layout-flow\">\n\n<p>La soci\u00e9t\u00e9 XYZ Doohickey a \u00e9t\u00e9 fond\u00e9e en 1971 et fournit depuis lors des doohickeys de qualit\u00e9 au public. Situ\u00e9e \u00e0 Gotham City, XYZ emploie plus de 2\u202f000 personnes et fait toutes sortes de choses formidables pour la communaut\u00e9 de Gotham.<\/p>\n\n<\/blockquote>\n\n<p>En tant que nouvel utilisateur de WordPress, vous devriez vous rendre sur <a href=\"https:\/\/foreverhorse.dk\/wp-admin\/\">votre tableau de bord<\/a> pour supprimer cette page et cr\u00e9er de nouvelles pages pour votre contenu. Amusez-vous bien !<\/p>\n","protected":false},"excerpt":{"rendered":"<p>Ceci est une page d\u2019exemple. Elle est diff\u00e9rente d\u2019un article de blog, car elle restera au m\u00eame endroit et appara\u00eetra dans la navigation de votre site (dans la plupart des th\u00e8mes). La plupart des personnes commencent par une page \u00ab \u00c0 propos \u00bb qui se pr\u00e9sente aux visiteurs potentiels du site. Elle pourrait dire quelque [&hellip;]<\/p>\n","protected":false},"author":1,"featured_media":0,"parent":0,"menu_order":0,"comment_status":"closed","ping_status":"open","template":"","meta":{"inline_featured_image":false,"footnotes":""},"class_list":["post-846","page","type-page","status-publish","hentry"],"_links":{"self":[{"href":"https:\/\/foreverhorse.dk\/fr\/wp-json\/wp\/v2\/pages\/846","targetHints":{"allow":["GET"]}}],"collection":[{"href":"https:\/\/foreverhorse.dk\/fr\/wp-json\/wp\/v2\/pages"}],"about":[{"href":"https:\/\/foreverhorse.dk\/fr\/wp-json\/wp\/v2\/types\/page"}],"author":[{"embeddable":true,"href":"https:\/\/foreverhorse.dk\/fr\/wp-json\/wp\/v2\/users\/1"}],"replies":[{"embeddable":true,"href":"https:\/\/foreverhorse.dk\/fr\/wp-json\/wp\/v2\/comments?post=846"}],"version-history":[{"count":1,"href":"https:\/\/foreverhorse.dk\/fr\/wp-json\/wp\/v2\/pages\/846\/revisions"}],"predecessor-version":[{"id":847,"href":"https:\/\/foreverhorse.dk\/fr\/wp-json\/wp\/v2\/pages\/846\/revisions\/847"}],"wp:attachment":[{"href":"https:\/\/foreverhorse.dk\/fr\/wp-json\/wp\/v2\/media?parent=846"}],"curies":[{"name":"wp","href":"https:\/\/api.w.org\/{rel}","templated":true}]}}